{"id":7207,"date":"2026-03-02T11:47:43","date_gmt":"2026-03-02T11:47:43","guid":{"rendered":"https:\/\/casadarte.az\/brands\/poltrona-frau\/poltrona-frau-duo-armchair\/"},"modified":"2026-03-02T13:07:21","modified_gmt":"2026-03-02T13:07:21","slug":"duo-armchair","status":"publish","type":"page","link":"https:\/\/casadarte.az\/en\/brands\/poltrona-frau\/duo-armchair\/","title":{"rendered":"Poltrona Frau DUO Armchair"},"content":{"rendered":"\t\t<div data-elementor-type=\"wp-page\" data-elementor-id=\"7207\" class=\"elementor elementor-7207 elementor-7176\" data-elementor-settings=\"{&quot;element_pack_global_tooltip_width&quot;:{&quot;unit&quot;:&quot;px&quot;,&quot;size&quot;:&quot;&quot;,&quot;sizes&quot;:[]},&quot;element_pack_global_tooltip_width_laptop&quot;:{&quot;unit&quot;:&quot;px&quot;,&quot;size&quot;:&quot;&quot;,&quot;sizes&quot;:[]},&quot;element_pack_global_tooltip_width_tablet&quot;:{&quot;unit&quot;:&quot;px&quot;,&quot;size&quot;:&quot;&quot;,&quot;sizes&quot;:[]},&quot;element_pack_global_tooltip_width_mobile_extra&quot;:{&quot;unit&quot;:&quot;px&quot;,&quot;size&quot;:&quot;&quot;,&quot;sizes&quot;:[]},&quot;element_pack_global_tooltip_width_mobile&quot;:{&quot;unit&quot;:&quot;px&quot;,&quot;size&quot;:&quot;&quot;,&quot;sizes&quot;:[]},&quot;element_pack_global_tooltip_padding&quot;:{&quot;unit&quot;:&quot;px&quot;,&quot;top&quot;:&quot;&quot;,&quot;right&quot;:&quot;&quot;,&quot;bottom&quot;:&quot;&quot;,&quot;left&quot;:&quot;&quot;,&quot;isLinked&quot;:true},&quot;element_pack_global_tooltip_padding_laptop&quot;:{&quot;unit&quot;:&quot;px&quot;,&quot;top&quot;:&quot;&quot;,&quot;right&quot;:&quot;&quot;,&quot;bottom&quot;:&quot;&quot;,&quot;left&quot;:&quot;&quot;,&quot;isLinked&quot;:true},&quot;element_pack_global_tooltip_padding_tablet&quot;:{&quot;unit&quot;:&quot;px&quot;,&quot;top&quot;:&quot;&quot;,&quot;right&quot;:&quot;&quot;,&quot;bottom&quot;:&quot;&quot;,&quot;left&quot;:&quot;&quot;,&quot;isLinked&quot;:true},&quot;element_pack_global_tooltip_padding_mobile_extra&quot;:{&quot;unit&quot;:&quot;px&quot;,&quot;top&quot;:&quot;&quot;,&quot;right&quot;:&quot;&quot;,&quot;bottom&quot;:&quot;&quot;,&quot;left&quot;:&quot;&quot;,&quot;isLinked&quot;:true},&quot;element_pack_global_tooltip_padding_mobile&quot;:{&quot;unit&quot;:&quot;px&quot;,&quot;top&quot;:&quot;&quot;,&quot;right&quot;:&quot;&quot;,&quot;bottom&quot;:&quot;&quot;,&quot;left&quot;:&quot;&quot;,&quot;isLinked&quot;:true},&quot;element_pack_global_tooltip_border_radius&quot;:{&quot;unit&quot;:&quot;px&quot;,&quot;top&quot;:&quot;&quot;,&quot;right&quot;:&quot;&quot;,&quot;bottom&quot;:&quot;&quot;,&quot;left&quot;:&quot;&quot;,&quot;isLinked&quot;:true},&quot;element_pack_global_tooltip_border_radius_laptop&quot;:{&quot;unit&quot;:&quot;px&quot;,&quot;top&quot;:&quot;&quot;,&quot;right&quot;:&quot;&quot;,&quot;bottom&quot;:&quot;&quot;,&quot;left&quot;:&quot;&quot;,&quot;isLinked&quot;:true},&quot;element_pack_global_tooltip_border_radius_tablet&quot;:{&quot;unit&quot;:&quot;px&quot;,&quot;top&quot;:&quot;&quot;,&quot;right&quot;:&quot;&quot;,&quot;bottom&quot;:&quot;&quot;,&quot;left&quot;:&quot;&quot;,&quot;isLinked&quot;:true},&quot;element_pack_global_tooltip_border_radius_mobile_extra&quot;:{&quot;unit&quot;:&quot;px&quot;,&quot;top&quot;:&quot;&quot;,&quot;right&quot;:&quot;&quot;,&quot;bottom&quot;:&quot;&quot;,&quot;left&quot;:&quot;&quot;,&quot;isLinked&quot;:true},&quot;element_pack_global_tooltip_border_radius_mobile&quot;:{&quot;unit&quot;:&quot;px&quot;,&quot;top&quot;:&quot;&quot;,&quot;right&quot;:&quot;&quot;,&quot;bottom&quot;:&quot;&quot;,&quot;left&quot;:&quot;&quot;,&quot;isLinked&quot;:true}}\" data-elementor-post-type=\"page\">\n\t\t\t\t<div class=\"elementor-element elementor-element-af3ed9a e-con-full e-flex kitify-col-width-auto-no ignore-docs-style-no kitify-disable-relative-no e-root-container elementor-top-section e-con e-parent\" data-id=\"af3ed9a\" data-element_type=\"container\" data-e-type=\"container\">\n\t\t\t\t<div class=\"elementor-element elementor-element-2d7c71a elementor-widget-laptop__width-inherit bdt-ep-marquee-direction-left elementor-widget elementor-widget-bdt-marquee\" data-id=\"2d7c71a\" data-element_type=\"widget\" data-e-type=\"widget\" data-settings=\"{&quot;marquee_type_text&quot;:[{&quot;marquee_content&quot;:&quot;Casa D&#039;Arte \\u2013 Poltrona Frau-nun Az\\u0259rbaycandak\\u0131 \\u00dcnvan\\u0131&quot;,&quot;_id&quot;:&quot;7c17b1e&quot;,&quot;marquee_color&quot;:&quot;#000000&quot;,&quot;marquee_bg_color&quot;:&quot;#02010100&quot;,&quot;marquee_link&quot;:{&quot;url&quot;:&quot;&quot;,&quot;is_external&quot;:true,&quot;nofollow&quot;:true,&quot;custom_attributes&quot;:&quot;&quot;},&quot;marquee_icon&quot;:{&quot;value&quot;:&quot;&quot;,&quot;library&quot;:&quot;&quot;},&quot;marquee_icon_position&quot;:null}],&quot;marquee_pause_on_hover&quot;:&quot;yes&quot;,&quot;marquee_type&quot;:&quot;text&quot;,&quot;marquee_item_spacing&quot;:{&quot;unit&quot;:&quot;px&quot;,&quot;size&quot;:&quot;&quot;,&quot;sizes&quot;:[]},&quot;marquee_item_spacing_laptop&quot;:{&quot;unit&quot;:&quot;px&quot;,&quot;size&quot;:&quot;&quot;,&quot;sizes&quot;:[]},&quot;marquee_item_spacing_tablet&quot;:{&quot;unit&quot;:&quot;px&quot;,&quot;size&quot;:&quot;&quot;,&quot;sizes&quot;:[]},&quot;marquee_item_spacing_mobile_extra&quot;:{&quot;unit&quot;:&quot;px&quot;,&quot;size&quot;:&quot;&quot;,&quot;sizes&quot;:[]},&quot;marquee_item_spacing_mobile&quot;:{&quot;unit&quot;:&quot;px&quot;,&quot;size&quot;:&quot;&quot;,&quot;sizes&quot;:[]},&quot;marquee_speed&quot;:50,&quot;marquee_direction&quot;:&quot;left&quot;}\" data-widget_type=\"bdt-marquee.default\">\n\t\t\t\t<div class=\"elementor-widget-container\">\n\t\t\t\t\t\n\n\t\t<div id=\"bdt-marque-2d7c71a\" class=\"bdt-marquee marquee-type-text marquee-horizontal\">\n\t\t\t\t\t\t\t\t\n\t\t\t\t\t<div class=\"marquee-content marquee-text bdt-icon-position-before\" style=\"background-color: #02010100;\">\n\n\n\t\t\t\t\t\t<span class=\"marquee-title\" style=\"color: #000000;\">Casa D'Arte \u2013 Poltrona Frau-nun Az\u0259rbaycandak\u0131 \u00dcnvan\u0131<\/span>\t\t\t\t\t<\/div>\n\n\t\t\t\t\t\n\t\t\n\t\t\t<\/div>\n\t\t\t\t<\/div>\n\t\t\t\t<\/div>\n\t\t\t\t<\/div>\n\t\t<div class=\"elementor-element elementor-element-58db703 e-flex e-con-boxed kitify-col-width-auto-no ignore-docs-style-no kitify-disable-relative-no e-root-container elementor-top-section e-con e-parent\" data-id=\"58db703\" data-element_type=\"container\" data-e-type=\"container\">\n\t\t\t\t\t<div class=\"e-con-inner\">\n\t\t\t\t<div class=\"elementor-element elementor-element-d42a563 elementor-widget elementor-widget-image\" data-id=\"d42a563\" data-element_type=\"widget\" data-e-type=\"widget\" data-widget_type=\"image.default\">\n\t\t\t\t<div class=\"elementor-widget-container\">\n\t\t\t\t\t\t\t\t\t\t\t\t\t\t\t<img fetchpriority=\"high\" decoding=\"async\" width=\"1407\" height=\"612\" src=\"https:\/\/casadarte.az\/wp-content\/uploads\/2026\/03\/italian-mebel-dizayni.webp\" class=\"attachment-full size-full wp-image-7186\" alt=\"italian mebel dizayn\u0131\" srcset=\"https:\/\/casadarte.az\/wp-content\/uploads\/2026\/03\/italian-mebel-dizayni.webp 1407w, https:\/\/casadarte.az\/wp-content\/uploads\/2026\/03\/italian-mebel-dizayni-300x130.webp 300w, https:\/\/casadarte.az\/wp-content\/uploads\/2026\/03\/italian-mebel-dizayni-1024x445.webp 1024w, https:\/\/casadarte.az\/wp-content\/uploads\/2026\/03\/italian-mebel-dizayni-768x334.webp 768w\" sizes=\"(max-width: 1407px) 100vw, 1407px\" title=\"\">\t\t\t\t\t\t\t\t\t\t\t\t\t\t\t<\/div>\n\t\t\t\t<\/div>\n\t\t\t\t\t<\/div>\n\t\t\t\t<\/div>\n\t\t<div class=\"elementor-element elementor-element-b1000f6 e-flex e-con-boxed kitify-col-width-auto-no ignore-docs-style-no kitify-disable-relative-no e-root-container elementor-top-section e-con e-parent\" data-id=\"b1000f6\" data-element_type=\"container\" data-e-type=\"container\">\n\t\t\t\t\t<div class=\"e-con-inner\">\n\t\t<div class=\"elementor-element elementor-element-f1c5a1a e-con-full e-flex kitify-col-width-auto-no ignore-docs-style-no kitify-disable-relative-no e-con e-child\" data-id=\"f1c5a1a\" data-element_type=\"container\" data-e-type=\"container\">\n\t\t\t\t<div class=\"elementor-element elementor-element-4d03667 elementor-widget elementor-widget-heading\" data-id=\"4d03667\" data-element_type=\"widget\" data-e-type=\"widget\" data-widget_type=\"heading.default\">\n\t\t\t\t<div class=\"elementor-widget-container\">\n\t\t\t\t\t<h1 class=\"elementor-heading-title elementor-size-default\">Casa D'Arte \u2013 The Destination for Poltrona Frau in Azerbaijan<\/h1>\t\t\t\t<\/div>\n\t\t\t\t<\/div>\n\t\t\t\t<div class=\"elementor-element elementor-element-ce3c4e2 elementor-widget elementor-widget-heading\" data-id=\"ce3c4e2\" data-element_type=\"widget\" data-e-type=\"widget\" data-widget_type=\"heading.default\">\n\t\t\t\t<div class=\"elementor-widget-container\">\n\t\t\t\t\t<h2 class=\"elementor-heading-title elementor-size-default\">Poltrona Frau - Italian Furniture Design<\/h2>\t\t\t\t<\/div>\n\t\t\t\t<\/div>\n\t\t\t\t<\/div>\n\t\t<div class=\"elementor-element elementor-element-c97b1df e-con-full e-flex kitify-col-width-auto-no ignore-docs-style-no kitify-disable-relative-no e-con e-child\" data-id=\"c97b1df\" data-element_type=\"container\" data-e-type=\"container\">\n\t\t\t\t<div class=\"elementor-element elementor-element-8137790 elementor-widget elementor-widget-text-editor\" data-id=\"8137790\" data-element_type=\"widget\" data-e-type=\"widget\" data-widget_type=\"text-editor.default\">\n\t\t\t\t<div class=\"elementor-widget-container\">\n\t\t\t\t\t\t\t\t\t<p>The DUO armchair, bearing the joint signature of Poltrona Frau and Ceccotti Collezioni, is a synergy of two powerhouse forces in the world of <span style=\"text-decoration: underline;\"><a href=\"https:\/\/casadarte.az\/en\/dress-code\/poltrona-frau-premium-italian-furniture\/\">modern Italian furniture design<\/a><\/span>. Created by Roberto Lazzeroni, this project brings together the classic elegance of the 1950s with a modern innovative approach in an original synthesis. Reviving the aesthetics of the past through its retro lines, this piece elevates the concept of luxury furniture to a new level.  <\/p>\t\t\t\t\t\t\t\t<\/div>\n\t\t\t\t<\/div>\n\t\t\t\t<div class=\"elementor-element elementor-element-0d2babc elementor-widget elementor-widget-text-editor\" data-id=\"0d2babc\" data-element_type=\"widget\" data-e-type=\"widget\" data-widget_type=\"text-editor.default\">\n\t\t\t\t<div class=\"elementor-widget-container\">\n\t\t\t\t\t\t\t\t\t<p>Brought to life through the designer&#8217;s vision, this seat is the purest manifestation of &#8220;Made in Italy&#8221; excellence with its rounded forms and exquisite woodwork. Here, Lazzeroni has created not just an object, but a visionary work of art that embodies the philosophy of Italian furniture design and timeless allure. <\/p>\t\t\t\t\t\t\t\t<\/div>\n\t\t\t\t<\/div>\n\t\t\t\t<\/div>\n\t\t\t\t\t<\/div>\n\t\t\t\t<\/div>\n\t\t<div class=\"elementor-element elementor-element-92b5c5c e-flex e-con-boxed kitify-col-width-auto-no ignore-docs-style-no kitify-disable-relative-no e-root-container elementor-top-section e-con e-parent\" data-id=\"92b5c5c\" data-element_type=\"container\" data-e-type=\"container\">\n\t\t\t\t\t<div class=\"e-con-inner\">\n\t\t<div class=\"elementor-element elementor-element-6cb9cf2 e-con-full e-flex kitify-col-width-auto-no ignore-docs-style-no kitify-disable-relative-no e-con e-child\" data-id=\"6cb9cf2\" data-element_type=\"container\" data-e-type=\"container\">\n\t\t\t\t<div class=\"elementor-element elementor-element-9294d4e skin--mobile-vertical skin--default skin--tablet-default elementor-widget elementor-widget-bdt-image-accordion\" data-id=\"9294d4e\" data-element_type=\"widget\" data-e-type=\"widget\" data-widget_type=\"bdt-image-accordion.default\">\n\t\t\t\t<div class=\"elementor-widget-container\">\n\t\t\t\t\t\t\t<div id=\"bdt-ep-image-accordion-9294d4e\" class=\"bdt-ep-image-accordion\" data-settings=\"{&quot;tabs_id&quot;:&quot;bdt-ep-image-accordion-9294d4e&quot;,&quot;mouse_event&quot;:&quot;mouseover&quot;,&quot;activeItemNumber&quot;:1}\">\n\t\t\t\t\t\t\t\t\t\t\t\t<div class=\"bdt-ep-image-accordion-item\" style=\"background-image: url('https:\/\/casadarte.az\/wp-content\/uploads\/2026\/03\/poltrona-frau-baki.webp');\">\n\t\t\t\t\t\t\t\t\t\t\t\t\t\t<div class=\"bdt-ep-image-accordion-content\">\n\t\t\t\n\t\t\t\n\t\t\t\n\t\t\t\t\t<\/div>\n\t\t\t\t\t\t\t<\/div>\n\t\t\t\t\t\t\t\t\t\t\t\t\t\t\t\t<div class=\"bdt-ep-image-accordion-item\" style=\"background-image: url('https:\/\/casadarte.az\/wp-content\/uploads\/2026\/03\/italian-mebel-baki.webp');\">\n\t\t\t\t\t\t\t\t\t\t\t\t\t\t<div class=\"bdt-ep-image-accordion-content\">\n\t\t\t\n\t\t\t\n\t\t\t\n\t\t\t\t\t<\/div>\n\t\t\t\t\t\t\t<\/div>\n\t\t\t\t\t\t\t\t\t\t\t\t\t\t\t\t<div class=\"bdt-ep-image-accordion-item\" style=\"background-image: url('https:\/\/casadarte.az\/wp-content\/uploads\/2026\/03\/italian-kreslo.webp');\">\n\t\t\t\t\t\t\t\t\t\t\t\t\t\t<div class=\"bdt-ep-image-accordion-content\">\n\t\t\t\n\t\t\t\n\t\t\t\n\t\t\t\t\t<\/div>\n\t\t\t\t\t\t\t<\/div>\n\t\t\t\t\t\t\t\t\t<\/div>\n\t\t\t\t\t\t<\/div>\n\t\t\t\t<\/div>\n\t\t\t\t<\/div>\n\t\t<div class=\"elementor-element elementor-element-8a07f27 e-con-full e-flex kitify-col-width-auto-no ignore-docs-style-no kitify-disable-relative-no e-con e-child\" data-id=\"8a07f27\" data-element_type=\"container\" data-e-type=\"container\">\n\t\t\t\t<div class=\"elementor-element elementor-element-77ecb19 elementor-widget elementor-widget-heading\" data-id=\"77ecb19\" data-element_type=\"widget\" data-e-type=\"widget\" data-widget_type=\"heading.default\">\n\t\t\t\t<div class=\"elementor-widget-container\">\n\t\t\t\t\t<h3 class=\"elementor-heading-title elementor-size-default\">Innovative Construction: Technological Processing of Ash Wood<\/h3>\t\t\t\t<\/div>\n\t\t\t\t<\/div>\n\t\t\t\t<div class=\"elementor-element elementor-element-892ea44 elementor-widget elementor-widget-text-editor\" data-id=\"892ea44\" data-element_type=\"widget\" data-e-type=\"widget\" data-widget_type=\"text-editor.default\">\n\t\t\t\t<div class=\"elementor-widget-container\">\n\t\t\t\t\t\t\t\t\t<p>Designed by Roberto Lazzeroni, DUO is presented with a revolutionary structure inspired by the fluidity of nature while staying true to Italian furniture design traditions. The frame, crafted from solid ash wood and complemented by triangular-section legs, provides both visual lightness and high engineering durability. The raised wooden details on the sides of the frame further emphasize the product&#8217;s superior craftsmanship (savoir-faire).  <\/p>\t\t\t\t\t\t\t\t<\/div>\n\t\t\t\t<\/div>\n\t\t\t\t<div class=\"elementor-element elementor-element-a16c6ee elementor-widget__width-initial elementor-widget elementor-widget-heading\" data-id=\"a16c6ee\" data-element_type=\"widget\" data-e-type=\"widget\" data-widget_type=\"heading.default\">\n\t\t\t\t<div class=\"elementor-widget-container\">\n\t\t\t\t\t<h4 class=\"elementor-heading-title elementor-size-default\">Technical Specifications and Materials<\/h4>\t\t\t\t<\/div>\n\t\t\t\t<\/div>\n\t\t\t\t<div class=\"elementor-element elementor-element-f0498e6 elementor-widget__width-initial elementor-widget elementor-widget-text-editor\" data-id=\"f0498e6\" data-element_type=\"widget\" data-e-type=\"widget\" data-widget_type=\"text-editor.default\">\n\t\t\t\t<div class=\"elementor-widget-container\">\n\t\t\t\t\t\t\t\t\t<p data-path-to-node=\"15,0,0\">1. <span style=\"text-decoration: underline; color: black;\">Exclusive Craftsmanship<\/span><b data-path-to-node=\"12,0,0\" data-index-in-node=\"0\">:<\/b> The armchair is presented in Poltrona Frau&#8217;s world-renowned <b data-path-to-node=\"11,0,0\" data-index-in-node=\"60\"><a href=\"https:\/\/www.poltronafrau.com\/ww\/en\/products\/duo-lounge-chair.html\" target=\"_blank\" rel=\"noopener\">Pelle Frau\u00ae<\/a><\/b> leather or with removable fabric covers finished with tone-on-tone stitching.<br>2. <span style=\"text-decoration: underline; color: black;\">Ergonomic Structure<\/span><b data-path-to-node=\"12,1,0\" data-index-in-node=\"0\">:<\/b> Rounded forms and polyurethane foam padding ensure the maximum comfort characteristic of modern Italian furniture design.<br>3. <span style=\"text-decoration: underline; color: black;\">Anatomical Comfort<\/span><b data-path-to-node=\"12,2,0\" data-index-in-node=\"0\">:<\/b> The elastic belts and spring system applied to the seat section enhance the flexibility of the frame, promising long-term durability.<\/p>\t\t\t\t\t\t\t\t<\/div>\n\t\t\t\t<\/div>\n\t\t\t\t<\/div>\n\t\t\t\t\t<\/div>\n\t\t\t\t<\/div>\n\t\t<div class=\"elementor-element elementor-element-367afca e-flex e-con-boxed kitify-col-width-auto-no ignore-docs-style-no kitify-disable-relative-no e-root-container elementor-top-section e-con e-parent\" data-id=\"367afca\" data-element_type=\"container\" data-e-type=\"container\">\n\t\t\t\t\t<div class=\"e-con-inner\">\n\t\t\t\t<div class=\"elementor-element elementor-element-e6e18f0 elementor-headline--style-highlight elementor-widget elementor-widget-animated-headline\" data-id=\"e6e18f0\" data-element_type=\"widget\" data-e-type=\"widget\" data-settings=\"{&quot;marker&quot;:&quot;double_underline&quot;,&quot;highlighted_text&quot;:&quot;Highly Recommended&quot;,&quot;headline_style&quot;:&quot;highlight&quot;,&quot;loop&quot;:&quot;yes&quot;,&quot;highlight_animation_duration&quot;:1200,&quot;highlight_iteration_delay&quot;:8000}\" data-widget_type=\"animated-headline.default\">\n\t\t\t\t<div class=\"elementor-widget-container\">\n\t\t\t\t\t\t\t<h2 class=\"elementor-headline\">\n\t\t\t\t\t<span class=\"elementor-headline-plain-text elementor-headline-text-wrapper\">Casa D'Arte <\/span>\n\t\t\t\t<span class=\"elementor-headline-dynamic-wrapper elementor-headline-text-wrapper\">\n\t\t\t\t\t<span class=\"elementor-headline-dynamic-text elementor-headline-text-active\">Highly Recommended<\/span>\n\t\t\t\t<\/span>\n\t\t\t\t<\/h2>\n\t\t\t\t\t\t<\/div>\n\t\t\t\t<\/div>\n\t\t\t\t<div class=\"elementor-element elementor-element-38d4c6b elementor-widget elementor-widget-text-editor\" data-id=\"38d4c6b\" data-element_type=\"widget\" data-e-type=\"widget\" data-widget_type=\"text-editor.default\">\n\t\t\t\t<div class=\"elementor-widget-container\">\n\t\t\t\t\t\t\t\t\t<p data-path-to-node=\"15\">A masterpiece by Roberto Lazzeroni, DUO is one of the finest examples in the history of Italian furniture design where luxury and craftsmanship converge. Created by a designer who believes in the aesthetics of the future, this piece will become more than just furniture in your home\u2014it will be a timeless icon with true artistic value. <\/p>\t\t\t\t\t\t\t\t<\/div>\n\t\t\t\t<\/div>\n\t\t\t\t<div class=\"elementor-element elementor-element-74ead47 elementor-widget elementor-widget-text-editor\" data-id=\"74ead47\" data-element_type=\"widget\" data-e-type=\"widget\" data-widget_type=\"text-editor.default\">\n\t\t\t\t<div class=\"elementor-widget-container\">\n\t\t\t\t\t\t\t\t\t<p>You can customize the wood finishes and rich upholstery materials of this iconic armchair to suit your interior. By <a href=\"https:\/\/casadarte.az\/en\/brands\/poltrona-frau\/\"><em>exploring other Poltrona Frau collections<\/em><\/a> in the &#8220;<a href=\"https:\/\/casadarte.az\/en\/brands\/\"><span style=\"text-decoration: underline;\">Our Brands<\/span><\/a>&#8221; section of our website, you can create a complete Italian harmony in your space. <\/p>\t\t\t\t\t\t\t\t<\/div>\n\t\t\t\t<\/div>\n\t\t\t\t\t<\/div>\n\t\t\t\t<\/div>\n\t\t\t\t<\/div>\n\t\t","protected":false},"excerpt":{"rendered":"<p>Casa D&#039;Arte \u2013 Poltrona Frau-nun Az\u0259rbaycandak\u0131 \u00dcnvan\u0131 Casa D&#8217;Arte \u2013 The Destination for Poltrona Frau in Azerbaijan Poltrona Frau &#8211; Italian Furniture Design The DUO armchair, bearing the joint signature of Poltrona Frau and Ceccotti Collezioni, is a synergy of two powerhouse forces in the world of modern Italian furniture design. Created by Roberto Lazzeroni, this project brings together the\u2026<\/p>\n","protected":false},"author":5,"featured_media":0,"parent":4947,"menu_order":0,"comment_status":"closed","ping_status":"closed","template":"elementor_header_footer","meta":{"footnotes":""},"class_list":["post-7207","page","type-page","status-publish","hentry"],"_links":{"self":[{"href":"https:\/\/casadarte.az\/en\/wp-json\/wp\/v2\/pages\/7207","targetHints":{"allow":["GET"]}}],"collection":[{"href":"https:\/\/casadarte.az\/en\/wp-json\/wp\/v2\/pages"}],"about":[{"href":"https:\/\/casadarte.az\/en\/wp-json\/wp\/v2\/types\/page"}],"author":[{"embeddable":true,"href":"https:\/\/casadarte.az\/en\/wp-json\/wp\/v2\/users\/5"}],"replies":[{"embeddable":true,"href":"https:\/\/casadarte.az\/en\/wp-json\/wp\/v2\/comments?post=7207"}],"version-history":[{"count":1,"href":"https:\/\/casadarte.az\/en\/wp-json\/wp\/v2\/pages\/7207\/revisions"}],"predecessor-version":[{"id":7208,"href":"https:\/\/casadarte.az\/en\/wp-json\/wp\/v2\/pages\/7207\/revisions\/7208"}],"up":[{"embeddable":true,"href":"https:\/\/casadarte.az\/en\/wp-json\/wp\/v2\/pages\/4947"}],"wp:attachment":[{"href":"https:\/\/casadarte.az\/en\/wp-json\/wp\/v2\/media?parent=7207"}],"curies":[{"name":"wp","href":"https:\/\/api.w.org\/{rel}","templated":true}]}}