{"id":7244,"date":"2026-03-05T10:08:30","date_gmt":"2026-03-05T10:08:30","guid":{"rendered":"https:\/\/casadarte.az\/brands\/fiam\/venus-mirror-fiam-italia\/"},"modified":"2026-03-06T08:47:28","modified_gmt":"2026-03-06T08:47:28","slug":"venus-mirror-fiam-italia","status":"publish","type":"page","link":"https:\/\/casadarte.az\/en\/brands\/fiam\/venus-mirror-fiam-italia\/","title":{"rendered":"VENUS Mirror \u2013 FIAM Italia"},"content":{"rendered":"\t\t<div data-elementor-type=\"wp-page\" data-elementor-id=\"7244\" class=\"elementor elementor-7244 elementor-7220\" data-elementor-settings=\"{&quot;element_pack_global_tooltip_width&quot;:{&quot;unit&quot;:&quot;px&quot;,&quot;size&quot;:&quot;&quot;,&quot;sizes&quot;:[]},&quot;element_pack_global_tooltip_width_laptop&quot;:{&quot;unit&quot;:&quot;px&quot;,&quot;size&quot;:&quot;&quot;,&quot;sizes&quot;:[]},&quot;element_pack_global_tooltip_width_tablet&quot;:{&quot;unit&quot;:&quot;px&quot;,&quot;size&quot;:&quot;&quot;,&quot;sizes&quot;:[]},&quot;element_pack_global_tooltip_width_mobile_extra&quot;:{&quot;unit&quot;:&quot;px&quot;,&quot;size&quot;:&quot;&quot;,&quot;sizes&quot;:[]},&quot;element_pack_global_tooltip_width_mobile&quot;:{&quot;unit&quot;:&quot;px&quot;,&quot;size&quot;:&quot;&quot;,&quot;sizes&quot;:[]},&quot;element_pack_global_tooltip_padding&quot;:{&quot;unit&quot;:&quot;px&quot;,&quot;top&quot;:&quot;&quot;,&quot;right&quot;:&quot;&quot;,&quot;bottom&quot;:&quot;&quot;,&quot;left&quot;:&quot;&quot;,&quot;isLinked&quot;:true},&quot;element_pack_global_tooltip_padding_laptop&quot;:{&quot;unit&quot;:&quot;px&quot;,&quot;top&quot;:&quot;&quot;,&quot;right&quot;:&quot;&quot;,&quot;bottom&quot;:&quot;&quot;,&quot;left&quot;:&quot;&quot;,&quot;isLinked&quot;:true},&quot;element_pack_global_tooltip_padding_tablet&quot;:{&quot;unit&quot;:&quot;px&quot;,&quot;top&quot;:&quot;&quot;,&quot;right&quot;:&quot;&quot;,&quot;bottom&quot;:&quot;&quot;,&quot;left&quot;:&quot;&quot;,&quot;isLinked&quot;:true},&quot;element_pack_global_tooltip_padding_mobile_extra&quot;:{&quot;unit&quot;:&quot;px&quot;,&quot;top&quot;:&quot;&quot;,&quot;right&quot;:&quot;&quot;,&quot;bottom&quot;:&quot;&quot;,&quot;left&quot;:&quot;&quot;,&quot;isLinked&quot;:true},&quot;element_pack_global_tooltip_padding_mobile&quot;:{&quot;unit&quot;:&quot;px&quot;,&quot;top&quot;:&quot;&quot;,&quot;right&quot;:&quot;&quot;,&quot;bottom&quot;:&quot;&quot;,&quot;left&quot;:&quot;&quot;,&quot;isLinked&quot;:true},&quot;element_pack_global_tooltip_border_radius&quot;:{&quot;unit&quot;:&quot;px&quot;,&quot;top&quot;:&quot;&quot;,&quot;right&quot;:&quot;&quot;,&quot;bottom&quot;:&quot;&quot;,&quot;left&quot;:&quot;&quot;,&quot;isLinked&quot;:true},&quot;element_pack_global_tooltip_border_radius_laptop&quot;:{&quot;unit&quot;:&quot;px&quot;,&quot;top&quot;:&quot;&quot;,&quot;right&quot;:&quot;&quot;,&quot;bottom&quot;:&quot;&quot;,&quot;left&quot;:&quot;&quot;,&quot;isLinked&quot;:true},&quot;element_pack_global_tooltip_border_radius_tablet&quot;:{&quot;unit&quot;:&quot;px&quot;,&quot;top&quot;:&quot;&quot;,&quot;right&quot;:&quot;&quot;,&quot;bottom&quot;:&quot;&quot;,&quot;left&quot;:&quot;&quot;,&quot;isLinked&quot;:true},&quot;element_pack_global_tooltip_border_radius_mobile_extra&quot;:{&quot;unit&quot;:&quot;px&quot;,&quot;top&quot;:&quot;&quot;,&quot;right&quot;:&quot;&quot;,&quot;bottom&quot;:&quot;&quot;,&quot;left&quot;:&quot;&quot;,&quot;isLinked&quot;:true},&quot;element_pack_global_tooltip_border_radius_mobile&quot;:{&quot;unit&quot;:&quot;px&quot;,&quot;top&quot;:&quot;&quot;,&quot;right&quot;:&quot;&quot;,&quot;bottom&quot;:&quot;&quot;,&quot;left&quot;:&quot;&quot;,&quot;isLinked&quot;:true}}\" data-elementor-post-type=\"page\">\n\t\t\t\t<div class=\"elementor-element elementor-element-af3ed9a e-con-full e-flex kitify-col-width-auto-no ignore-docs-style-no kitify-disable-relative-no e-root-container elementor-top-section e-con e-parent\" data-id=\"af3ed9a\" data-element_type=\"container\" data-e-type=\"container\">\n\t\t\t\t<div class=\"elementor-element elementor-element-2d7c71a elementor-widget-laptop__width-inherit bdt-ep-marquee-direction-left elementor-widget elementor-widget-bdt-marquee\" data-id=\"2d7c71a\" data-element_type=\"widget\" data-e-type=\"widget\" data-settings=\"{&quot;marquee_type_text&quot;:[{&quot;marquee_content&quot;:&quot;Casa D&#039;Arte \\u2013 F\\u0130AM \\u0130talia-n\\u0131n Az\\u0259rbaycandak\\u0131 \\u00dcnvan\\u0131&quot;,&quot;_id&quot;:&quot;7c17b1e&quot;,&quot;marquee_color&quot;:&quot;#000000&quot;,&quot;marquee_bg_color&quot;:&quot;#02010100&quot;,&quot;marquee_link&quot;:{&quot;url&quot;:&quot;&quot;,&quot;is_external&quot;:true,&quot;nofollow&quot;:true,&quot;custom_attributes&quot;:&quot;&quot;},&quot;marquee_icon&quot;:{&quot;value&quot;:&quot;&quot;,&quot;library&quot;:&quot;&quot;},&quot;marquee_icon_position&quot;:null}],&quot;marquee_pause_on_hover&quot;:&quot;yes&quot;,&quot;marquee_type&quot;:&quot;text&quot;,&quot;marquee_item_spacing&quot;:{&quot;unit&quot;:&quot;px&quot;,&quot;size&quot;:&quot;&quot;,&quot;sizes&quot;:[]},&quot;marquee_item_spacing_laptop&quot;:{&quot;unit&quot;:&quot;px&quot;,&quot;size&quot;:&quot;&quot;,&quot;sizes&quot;:[]},&quot;marquee_item_spacing_tablet&quot;:{&quot;unit&quot;:&quot;px&quot;,&quot;size&quot;:&quot;&quot;,&quot;sizes&quot;:[]},&quot;marquee_item_spacing_mobile_extra&quot;:{&quot;unit&quot;:&quot;px&quot;,&quot;size&quot;:&quot;&quot;,&quot;sizes&quot;:[]},&quot;marquee_item_spacing_mobile&quot;:{&quot;unit&quot;:&quot;px&quot;,&quot;size&quot;:&quot;&quot;,&quot;sizes&quot;:[]},&quot;marquee_speed&quot;:50,&quot;marquee_direction&quot;:&quot;left&quot;}\" data-widget_type=\"bdt-marquee.default\">\n\t\t\t\t<div class=\"elementor-widget-container\">\n\t\t\t\t\t\n\n\t\t<div id=\"bdt-marque-2d7c71a\" class=\"bdt-marquee marquee-type-text marquee-horizontal\">\n\t\t\t\t\t\t\t\t\n\t\t\t\t\t<div class=\"marquee-content marquee-text bdt-icon-position-before\" style=\"background-color: #02010100;\">\n\n\n\t\t\t\t\t\t<span class=\"marquee-title\" style=\"color: #000000;\">Casa D'Arte \u2013 F\u0130AM \u0130talia-n\u0131n Az\u0259rbaycandak\u0131 \u00dcnvan\u0131<\/span>\t\t\t\t\t<\/div>\n\n\t\t\t\t\t\n\t\t\n\t\t\t<\/div>\n\t\t\t\t<\/div>\n\t\t\t\t<\/div>\n\t\t\t\t<\/div>\n\t\t<div class=\"elementor-element elementor-element-58db703 e-flex e-con-boxed kitify-col-width-auto-no ignore-docs-style-no kitify-disable-relative-no e-root-container elementor-top-section e-con e-parent\" data-id=\"58db703\" data-element_type=\"container\" data-e-type=\"container\">\n\t\t\t\t\t<div class=\"e-con-inner\">\n\t\t\t\t<div class=\"elementor-element elementor-element-d42a563 elementor-widget elementor-widget-image\" data-id=\"d42a563\" data-element_type=\"widget\" data-e-type=\"widget\" data-widget_type=\"image.default\">\n\t\t\t\t<div class=\"elementor-widget-container\">\n\t\t\t\t\t\t\t\t\t\t\t\t\t\t\t<img fetchpriority=\"high\" decoding=\"async\" width=\"960\" height=\"412\" src=\"https:\/\/casadarte.az\/wp-content\/uploads\/2026\/03\/guzgu-modell\u0259ri.webp\" class=\"attachment-full size-full wp-image-7224\" alt=\"g\u00fczg\u00fc modell\u0259ri\" srcset=\"https:\/\/casadarte.az\/wp-content\/uploads\/2026\/03\/guzgu-modell\u0259ri.webp 960w, https:\/\/casadarte.az\/wp-content\/uploads\/2026\/03\/guzgu-modell\u0259ri-300x129.webp 300w, https:\/\/casadarte.az\/wp-content\/uploads\/2026\/03\/guzgu-modell\u0259ri-768x330.webp 768w\" sizes=\"(max-width: 960px) 100vw, 960px\" title=\"\">\t\t\t\t\t\t\t\t\t\t\t\t\t\t\t<\/div>\n\t\t\t\t<\/div>\n\t\t\t\t\t<\/div>\n\t\t\t\t<\/div>\n\t\t<div class=\"elementor-element elementor-element-b1000f6 e-flex e-con-boxed kitify-col-width-auto-no ignore-docs-style-no kitify-disable-relative-no e-root-container elementor-top-section e-con e-parent\" data-id=\"b1000f6\" data-element_type=\"container\" data-e-type=\"container\">\n\t\t\t\t\t<div class=\"e-con-inner\">\n\t\t<div class=\"elementor-element elementor-element-f1c5a1a e-con-full e-flex kitify-col-width-auto-no ignore-docs-style-no kitify-disable-relative-no e-con e-child\" data-id=\"f1c5a1a\" data-element_type=\"container\" data-e-type=\"container\">\n\t\t\t\t<div class=\"elementor-element elementor-element-4d03667 elementor-widget elementor-widget-heading\" data-id=\"4d03667\" data-element_type=\"widget\" data-e-type=\"widget\" data-widget_type=\"heading.default\">\n\t\t\t\t<div class=\"elementor-widget-container\">\n\t\t\t\t\t<h1 class=\"elementor-heading-title elementor-size-default\">VENUS | FIAM ITALIA<\/h1>\t\t\t\t<\/div>\n\t\t\t\t<\/div>\n\t\t\t\t<div class=\"elementor-element elementor-element-ce3c4e2 elementor-widget elementor-widget-heading\" data-id=\"ce3c4e2\" data-element_type=\"widget\" data-e-type=\"widget\" data-widget_type=\"heading.default\">\n\t\t\t\t<div class=\"elementor-widget-container\">\n\t\t\t\t\t<h2 class=\"elementor-heading-title elementor-size-default\">A Masterpiece Among Mirror Designs<\/h2>\t\t\t\t<\/div>\n\t\t\t\t<\/div>\n\t\t\t\t<\/div>\n\t\t<div class=\"elementor-element elementor-element-c97b1df e-con-full e-flex kitify-col-width-auto-no ignore-docs-style-no kitify-disable-relative-no e-con e-child\" data-id=\"c97b1df\" data-element_type=\"container\" data-e-type=\"container\">\n\t\t\t\t<div class=\"elementor-element elementor-element-8137790 elementor-widget elementor-widget-text-editor\" data-id=\"8137790\" data-element_type=\"widget\" data-e-type=\"widget\" data-widget_type=\"text-editor.default\">\n\t\t\t\t<div class=\"elementor-widget-container\">\n\t\t\t\t\t\t\t\t\t<p>For over 40 years, <a href=\"https:\/\/casadarte.az\/en\/dress-code\/fiam-italia\/\"><span style=\"text-decoration: underline;\">FIAM Italia<\/span><\/a> has been recognized as the pioneer of &#8216;glass culture&#8217; (cultura del vetro) on the global design stage, a brand that transforms ordinary glass into the art of luxury furniture. Each piece by FIAM Italia is more than just furniture; it is an objet d&#8217;art where technology meets emotion. One of the brand&#8217;s most iconic creations, the Venus mirror, was designed by Vittorio Livi to bring this heritage of craftsmanship into modern interiors.  <\/p>\t\t\t\t\t\t\t\t<\/div>\n\t\t\t\t<\/div>\n\t\t\t\t<div class=\"elementor-element elementor-element-0d2babc elementor-widget elementor-widget-text-editor\" data-id=\"0d2babc\" data-element_type=\"widget\" data-e-type=\"widget\" data-widget_type=\"text-editor.default\">\n\t\t\t\t<div class=\"elementor-widget-container\">\n\t\t\t\t\t\t\t\t\t<p>A standout in <a href=\"https:\/\/casadarte.az\/en\/brands\/fiam\/\"><span style=\"text-decoration: underline;\">modern mirror design<\/span><\/a>, the Venus mirror captures and sculpts light with its high-temperature melted relief frame. By blending the aesthetic strength of Italian luxury furniture with the timeless clarity of glass, Casa D\u2019Arte brings this captivating visual focal point to the most exclusive interiors in Baku. <\/p>\t\t\t\t\t\t\t\t<\/div>\n\t\t\t\t<\/div>\n\t\t\t\t<\/div>\n\t\t\t\t\t<\/div>\n\t\t\t\t<\/div>\n\t\t<div class=\"elementor-element elementor-element-92b5c5c e-flex e-con-boxed kitify-col-width-auto-no ignore-docs-style-no kitify-disable-relative-no e-root-container elementor-top-section e-con e-parent\" data-id=\"92b5c5c\" data-element_type=\"container\" data-e-type=\"container\">\n\t\t\t\t\t<div class=\"e-con-inner\">\n\t\t<div class=\"elementor-element elementor-element-6cb9cf2 e-con-full e-flex kitify-col-width-auto-no ignore-docs-style-no kitify-disable-relative-no e-con e-child\" data-id=\"6cb9cf2\" data-element_type=\"container\" data-e-type=\"container\">\n\t\t\t\t<div class=\"elementor-element elementor-element-9294d4e skin--mobile-vertical skin--default skin--tablet-default elementor-widget elementor-widget-bdt-image-accordion\" data-id=\"9294d4e\" data-element_type=\"widget\" data-e-type=\"widget\" data-widget_type=\"bdt-image-accordion.default\">\n\t\t\t\t<div class=\"elementor-widget-container\">\n\t\t\t\t\t\t\t<div id=\"bdt-ep-image-accordion-9294d4e\" class=\"bdt-ep-image-accordion\" data-settings=\"{&quot;tabs_id&quot;:&quot;bdt-ep-image-accordion-9294d4e&quot;,&quot;mouse_event&quot;:&quot;mouseover&quot;,&quot;activeItemNumber&quot;:1}\">\n\t\t\t\t\t\t\t\t\t\t\t\t<div class=\"bdt-ep-image-accordion-item\" style=\"background-image: url('https:\/\/casadarte.az\/wp-content\/uploads\/2026\/03\/fiam-italia.webp');\">\n\t\t\t\t\t\t\t\t\t\t\t\t\t\t<div class=\"bdt-ep-image-accordion-content\">\n\t\t\t\n\t\t\t\n\t\t\t\n\t\t\t\t\t<\/div>\n\t\t\t\t\t\t\t<\/div>\n\t\t\t\t\t\t\t\t\t\t\t\t\t\t\t\t<div class=\"bdt-ep-image-accordion-item\" style=\"background-image: url('https:\/\/casadarte.az\/wp-content\/uploads\/2026\/03\/fiam-italia-baki.webp');\">\n\t\t\t\t\t\t\t\t\t\t\t\t\t\t<div class=\"bdt-ep-image-accordion-content\">\n\t\t\t\n\t\t\t\n\t\t\t\n\t\t\t\t\t<\/div>\n\t\t\t\t\t\t\t<\/div>\n\t\t\t\t\t\t\t\t\t\t\t\t\t\t\t\t<div class=\"bdt-ep-image-accordion-item\" style=\"background-image: url('https:\/\/casadarte.az\/wp-content\/uploads\/2026\/03\/venus-fiam-italia.jpg');\">\n\t\t\t\t\t\t\t\t\t\t\t\t\t\t<div class=\"bdt-ep-image-accordion-content\">\n\t\t\t\n\t\t\t\n\t\t\t\n\t\t\t\t\t<\/div>\n\t\t\t\t\t\t\t<\/div>\n\t\t\t\t\t\t\t\t\t<\/div>\n\t\t\t\t\t\t<\/div>\n\t\t\t\t<\/div>\n\t\t\t\t<\/div>\n\t\t<div class=\"elementor-element elementor-element-8a07f27 e-con-full e-flex kitify-col-width-auto-no ignore-docs-style-no kitify-disable-relative-no e-con e-child\" data-id=\"8a07f27\" data-element_type=\"container\" data-e-type=\"container\">\n\t\t\t\t<div class=\"elementor-element elementor-element-77ecb19 elementor-widget elementor-widget-heading\" data-id=\"77ecb19\" data-element_type=\"widget\" data-e-type=\"widget\" data-widget_type=\"heading.default\">\n\t\t\t\t<div class=\"elementor-widget-container\">\n\t\t\t\t\t<h3 class=\"elementor-heading-title elementor-size-default\">Innovative Glasscraft: A Fusion of Form and Light<\/h3>\t\t\t\t<\/div>\n\t\t\t\t<\/div>\n\t\t\t\t<div class=\"elementor-element elementor-element-892ea44 elementor-widget elementor-widget-text-editor\" data-id=\"892ea44\" data-element_type=\"widget\" data-e-type=\"widget\" data-widget_type=\"text-editor.default\">\n\t\t\t\t<div class=\"elementor-widget-container\">\n\t\t\t\t\t\t\t\t\t<p>Designed by Vittorio Livi for FIAM Italia, the Venus mirror is a masterpiece that pushes the boundaries of glass craftsmanship, where technology and aesthetics converge. This collection is crafted from 8 mm thick specialty glass, meticulously shaped using high-temperature fusion (<a href=\"https:\/\/en.wikipedia.org\/wiki\/Glass_fusing\" target=\"_blank\" rel=\"noopener\">fused glass<\/a>) technology. The silver-coated back adds profound depth to any space, while the delicately embossed relief ornaments on the frame refract surrounding light to create captivating visual effects.  <\/p>\t\t\t\t\t\t\t\t<\/div>\n\t\t\t\t<\/div>\n\t\t\t\t<div class=\"elementor-element elementor-element-a16c6ee elementor-widget__width-initial elementor-widget elementor-widget-heading\" data-id=\"a16c6ee\" data-element_type=\"widget\" data-e-type=\"widget\" data-widget_type=\"heading.default\">\n\t\t\t\t<div class=\"elementor-widget-container\">\n\t\t\t\t\t<h4 class=\"elementor-heading-title elementor-size-default\">Technical Specifications and Materials<\/h4>\t\t\t\t<\/div>\n\t\t\t\t<\/div>\n\t\t\t\t<div class=\"elementor-element elementor-element-f0498e6 elementor-widget__width-initial elementor-widget elementor-widget-text-editor\" data-id=\"f0498e6\" data-element_type=\"widget\" data-e-type=\"widget\" data-widget_type=\"text-editor.default\">\n\t\t\t\t<div class=\"elementor-widget-container\">\n\t\t\t\t\t\t\t\t\t<p data-path-to-node=\"15,0,0\">1. <span style=\"text-decoration: underline; color: black;\">Exquisite Ornamentation<\/span><b data-path-to-node=\"12,0,0\" data-index-in-node=\"0\">:<\/b> The embossed relief patterns on the mirror&#8217;s frame, combined with the silver-coated backing, create unparalleled visual effects and a unique play of light.<br>2. <span style=\"text-decoration: underline; color: black;\">Premium Structure<\/span><b data-path-to-node=\"12,1,0\" data-index-in-node=\"0\">:<\/b> A 5 mm thick central flat mirror surface is mounted on a painted metal back-frame, providing a perfect balance of refined elegance and structural durability.<br>3. <span style=\"text-decoration: underline; color: black;\">Versatile Functionality<\/span><b data-path-to-node=\"12,2,0\" data-index-in-node=\"0\">:<\/b> Designed for adaptability, the Venus can be mounted both horizontally and vertically, allowing it to seamlessly integrate into the layout of any premium interior in Baku.<\/p>\t\t\t\t\t\t\t\t<\/div>\n\t\t\t\t<\/div>\n\t\t\t\t<\/div>\n\t\t\t\t\t<\/div>\n\t\t\t\t<\/div>\n\t\t<div class=\"elementor-element elementor-element-367afca e-flex e-con-boxed kitify-col-width-auto-no ignore-docs-style-no kitify-disable-relative-no e-root-container elementor-top-section e-con e-parent\" data-id=\"367afca\" data-element_type=\"container\" data-e-type=\"container\">\n\t\t\t\t\t<div class=\"e-con-inner\">\n\t\t\t\t<div class=\"elementor-element elementor-element-e6e18f0 elementor-headline--style-highlight elementor-widget elementor-widget-animated-headline\" data-id=\"e6e18f0\" data-element_type=\"widget\" data-e-type=\"widget\" data-settings=\"{&quot;marker&quot;:&quot;double_underline&quot;,&quot;highlighted_text&quot;:&quot;Highly Recommended&quot;,&quot;headline_style&quot;:&quot;highlight&quot;,&quot;loop&quot;:&quot;yes&quot;,&quot;highlight_animation_duration&quot;:1200,&quot;highlight_iteration_delay&quot;:8000}\" data-widget_type=\"animated-headline.default\">\n\t\t\t\t<div class=\"elementor-widget-container\">\n\t\t\t\t\t\t\t<h2 class=\"elementor-headline\">\n\t\t\t\t\t<span class=\"elementor-headline-plain-text elementor-headline-text-wrapper\">Casa D'Arte <\/span>\n\t\t\t\t<span class=\"elementor-headline-dynamic-wrapper elementor-headline-text-wrapper\">\n\t\t\t\t\t<span class=\"elementor-headline-dynamic-text elementor-headline-text-active\">Highly Recommended<\/span>\n\t\t\t\t<\/span>\n\t\t\t\t<\/h2>\n\t\t\t\t\t\t<\/div>\n\t\t\t\t<\/div>\n\t\t\t\t<div class=\"elementor-element elementor-element-38d4c6b elementor-widget elementor-widget-text-editor\" data-id=\"38d4c6b\" data-element_type=\"widget\" data-e-type=\"widget\" data-widget_type=\"text-editor.default\">\n\t\t\t\t<div class=\"elementor-widget-container\">\n\t\t\t\t\t\t\t\t\t<p data-path-to-node=\"15\">This iconic design from FIAM Italia harmonizes modern Italian minimalism with classic elegance, ensuring a natural diffusion of light throughout your home. If you seek to transform your living space into a timeless visual gallery, we invite you to explore our exclusive mirror collection at the <span style=\"text-decoration: underline;\"><em><a href=\"https:\/\/maps.app.goo.gl\/UT3SeSvQWojk1uk78\" target=\"_blank\" rel=\"noopener\">Casa D\u2019Arte showroom in Baku<\/a><\/em><\/span>. <\/p>\t\t\t\t\t\t\t\t<\/div>\n\t\t\t\t<\/div>\n\t\t\t\t\t<\/div>\n\t\t\t\t<\/div>\n\t\t\t\t<\/div>\n\t\t","protected":false},"excerpt":{"rendered":"<p>Casa D&#039;Arte \u2013 F\u0130AM \u0130talia-n\u0131n Az\u0259rbaycandak\u0131 \u00dcnvan\u0131 VENUS | FIAM ITALIA A Masterpiece Among Mirror Designs For over 40 years, FIAM Italia has been recognized as the pioneer of &#8216;glass culture&#8217; (cultura del vetro) on the global design stage, a brand that transforms ordinary glass into the art of luxury furniture. Each piece by FIAM Italia is more than just\u2026<\/p>\n","protected":false},"author":5,"featured_media":0,"parent":5039,"menu_order":0,"comment_status":"closed","ping_status":"closed","template":"elementor_header_footer","meta":{"footnotes":""},"class_list":["post-7244","page","type-page","status-publish","hentry"],"_links":{"self":[{"href":"https:\/\/casadarte.az\/en\/wp-json\/wp\/v2\/pages\/7244","targetHints":{"allow":["GET"]}}],"collection":[{"href":"https:\/\/casadarte.az\/en\/wp-json\/wp\/v2\/pages"}],"about":[{"href":"https:\/\/casadarte.az\/en\/wp-json\/wp\/v2\/types\/page"}],"author":[{"embeddable":true,"href":"https:\/\/casadarte.az\/en\/wp-json\/wp\/v2\/users\/5"}],"replies":[{"embeddable":true,"href":"https:\/\/casadarte.az\/en\/wp-json\/wp\/v2\/comments?post=7244"}],"version-history":[{"count":1,"href":"https:\/\/casadarte.az\/en\/wp-json\/wp\/v2\/pages\/7244\/revisions"}],"predecessor-version":[{"id":7245,"href":"https:\/\/casadarte.az\/en\/wp-json\/wp\/v2\/pages\/7244\/revisions\/7245"}],"up":[{"embeddable":true,"href":"https:\/\/casadarte.az\/en\/wp-json\/wp\/v2\/pages\/5039"}],"wp:attachment":[{"href":"https:\/\/casadarte.az\/en\/wp-json\/wp\/v2\/media?parent=7244"}],"curies":[{"name":"wp","href":"https:\/\/api.w.org\/{rel}","templated":true}]}}